{"id":44,"date":"2015-07-26T13:01:25","date_gmt":"2015-07-26T13:01:25","guid":{"rendered":"http:\/\/consultech.be\/fr\/?page_id=44"},"modified":"2025-04-04T10:48:48","modified_gmt":"2025-04-04T10:48:48","slug":"liens","status":"publish","type":"page","link":"https:\/\/consultech.be\/fr\/liens\/","title":{"rendered":"Liens utiles"},"content":{"rendered":"<p>Gagnez du temps avec les liens directs ci-dessous:<\/p>\n<p><a href=\"http:\/\/economie.fgov.be\/fr\/modules\/onlineservice\/bce\/bce_public_search_odi.jsp\" target=\"_blank\" rel=\"noopener\">Recherche publique \u00e0 la BCE<\/a><\/p>\n<p><a href=\"http:\/\/minfin.fgov.be\/portail2\/fr\/themes\/declaration\/prepay-app.htm?lan=fr\" target=\"_blank\" rel=\"noopener\">Communication structur\u00e9e<\/a> pour communiquer avec l&rsquo;Administration<\/p>\n<p><a href=\"https:\/\/eservices.minfin.fgov.be\/taxonweb\/app\/citizen\/public\/taxbox\/home.do;TAXONWEB_JSESSIONID=DHGmVtyQ8GGLv7pnPRVxKQQntKrQnLBmTnppV5bJ8Gzp6lLnz1Mh!-1016010527\" target=\"_blank\" rel=\"noopener\">Tax-On-Web<\/a><\/p>\n<p><a href=\"https:\/\/eservices.minfin.fgov.be\/portal\/fr\/public\/citizen\/welcome\" target=\"_blank\" rel=\"noopener\">My Minfin<\/a><\/p>\n<p><a href=\"http:\/\/eid.belgium.be\/fr\/utiliser_votre_eid\/installer_le_logiciel_eid\/\" target=\"_blank\" rel=\"noopener\">Installer le logiciel EID<\/a><\/p>\n<p>Perdu ou oubli\u00e9 votre code PIN\/PUK de votre carte d&rsquo;identit\u00e9, re-demandez-le <a href=\"http:\/\/www.ibz.rrn.fgov.be\/fr\/documents-didentite\/eid\/codes-puk\/\" target=\"_blank\" rel=\"noopener\">ici\u00a0<\/a><\/p>\n<p>Partenaire social <a href=\"http:\/\/www.securex.be\/fr\" target=\"_blank\" rel=\"noopener\">Securex<\/a><\/p>\n<p>Vous souhaitez remettre votre affaire ou en acqu\u00e9rir une, c&rsquo;est par <a href=\"http:\/\/www.affairesasuivre.be\/\" target=\"_blank\" rel=\"noopener\">ici\u00a0<\/a><\/p>\n<p>V\u00e9rification obligation de retenue pour le secteur de la construction, c&rsquo;est par <a href=\"https:\/\/www.checkobligationderetenue.be\/\">ici<\/a><\/p>\n","protected":false},"excerpt":{"rendered":"<p>Gagnez du temps avec les liens directs ci-dessous: Recherche publique \u00e0 la BCE Communication structur\u00e9e pour communiquer avec l&rsquo;Administration Tax-On-Web My Minfin Installer le logiciel EID Perdu ou oubli\u00e9 votre code PIN\/PUK<a class=\"moretag\" href=\"https:\/\/consultech.be\/fr\/liens\/\">Read More&#8230;<\/a><\/p>\n","protected":false},"author":1,"featured_media":0,"parent":0,"menu_order":0,"comment_status":"closed","ping_status":"open","template":"","meta":{"_monsterinsights_skip_tracking":false,"_monsterinsights_sitenote_active":false,"_monsterinsights_sitenote_note":"","_monsterinsights_sitenote_category":0,"footnotes":""},"class_list":["post-44","page","type-page","status-publish","hentry"],"_links":{"self":[{"href":"https:\/\/consultech.be\/fr\/wp-json\/wp\/v2\/pages\/44","targetHints":{"allow":["GET"]}}],"collection":[{"href":"https:\/\/consultech.be\/fr\/wp-json\/wp\/v2\/pages"}],"about":[{"href":"https:\/\/consultech.be\/fr\/wp-json\/wp\/v2\/types\/page"}],"author":[{"embeddable":true,"href":"https:\/\/consultech.be\/fr\/wp-json\/wp\/v2\/users\/1"}],"replies":[{"embeddable":true,"href":"https:\/\/consultech.be\/fr\/wp-json\/wp\/v2\/comments?post=44"}],"version-history":[{"count":5,"href":"https:\/\/consultech.be\/fr\/wp-json\/wp\/v2\/pages\/44\/revisions"}],"predecessor-version":[{"id":186,"href":"https:\/\/consultech.be\/fr\/wp-json\/wp\/v2\/pages\/44\/revisions\/186"}],"wp:attachment":[{"href":"https:\/\/consultech.be\/fr\/wp-json\/wp\/v2\/media?parent=44"}],"curies":[{"name":"wp","href":"https:\/\/api.w.org\/{rel}","templated":true}]}}