{"id":153,"date":"2023-03-11T13:34:13","date_gmt":"2023-03-11T13:34:13","guid":{"rendered":"http:\/\/consultech.be\/fr\/?page_id=153"},"modified":"2023-03-11T13:34:13","modified_gmt":"2023-03-11T13:34:13","slug":"politique-de-confidentialite","status":"publish","type":"page","link":"https:\/\/consultech.be\/fr\/politique-de-confidentialite\/","title":{"rendered":"Politique de confidentialit\u00e9"},"content":{"rendered":"\n<p>&nbsp;&nbsp;&nbsp;&nbsp;&nbsp;&nbsp;&nbsp;&nbsp; Politique\nde confidentialit\u00e9 du site http:\/\/www.consultech.be<\/p>\n\n\n\n<p><strong>I \/ L\u2019objectif de la politique de confidentialit\u00e9<\/strong><strong><\/strong><\/p>\n\n\n\n<p>Cette\npolitique de confidentialit\u00e9 est \u00e9tablie dans le but d\u2019informer les\nutilisateurs du site http:\/\/www.consultech.be, poss\u00e9d\u00e9\net g\u00e9r\u00e9 par Priscilla Monastra, des modalit\u00e9s suivantes :<\/p>\n\n\n\n<ul class=\"wp-block-list\"><li>Les donn\u00e9es personnelles recueillies par le site internet<\/li><li>L\u2019utilisation faite de ces donn\u00e9es<\/li><li>L\u2019acc\u00e8s \u00e0 ces donn\u00e9es<\/li><li>Les droits que poss\u00e8dent les utilisateurs du site<\/li><li>La politique li\u00e9e \u00e0 l\u2019utilisation de cookies<\/li><\/ul>\n\n\n\n<p>Cette\npolitique de confidentialit\u00e9 fonctionne parall\u00e8lement aux conditions g\u00e9n\u00e9rales\ndu site http:\/\/www.consultech.be.<\/p>\n\n\n\n<p><strong>II \/ Lois applicables<\/strong><strong><\/strong><\/p>\n\n\n\n<p>Conform\u00e9ment\nau R\u00e8glement G\u00e9n\u00e9ral sur la Protection des Donn\u00e9es, cette politique de\nconfidentialit\u00e9 est sujette aux r\u00e8glements suivants :<\/p>\n\n\n\n<p>Les\ndonn\u00e9es personnelles sont :<\/p>\n\n\n\n<ul class=\"wp-block-list\"><li>trait\u00e9es de mani\u00e8re licite et transparente ;<\/li><li>collect\u00e9es \u00e0 des fins d\u00e9termin\u00e9es, explicites et\nl\u00e9gitimes, et ne seront pas trait\u00e9es ult\u00e9rieurement d\u2019une mani\u00e8re incompatible\navec ces fins. Conform\u00e9ment \u00e0 l\u2019article 89, paragraphe 1 du RGPD, le stockage\net le traitement de ces donn\u00e9es \u00e0 des fins archivistiques dans l\u2019int\u00e9r\u00eat\npublic, \u00e0 des fins de recherche scientifique ou historique ou \u00e0 des fins\nstatistiques, n\u2019est pas consid\u00e9r\u00e9 comme incompatible avec les finalit\u00e9s\ninitiales ;<\/li><li>ad\u00e9quates, pertinentes et limit\u00e9es \u00e0 ce qui est\nn\u00e9cessaire dans le cadre des finalit\u00e9s pour lesquelles elles sont trait\u00e9es ;<\/li><li>exactes, et si n\u00e9cessaires tenues \u00e0 jour. Toutes les\nmesures raisonnables seront prises pour corriger des donn\u00e9es incorrectes au\nregard de la finalit\u00e9 pour laquelle celles-si sont collect\u00e9es ;<\/li><li>conserv\u00e9es sous une forme permettant l\u2019identification des\npersonnes concern\u00e9es pour une dur\u00e9e suffisante pour leur traitement ;<\/li><li>trait\u00e9es d\u2019une fa\u00e7on qui garantit la s\u00e9curit\u00e9 de\ncelles-ci, y compris en ce qui concerne le traitement non-autoris\u00e9 ou illicite,\nla perte ou la destruction de ces donn\u00e9es, accidentelle ou volontaire.<\/li><\/ul>\n\n\n\n<p>Le\ntraitement des donn\u00e9es collect\u00e9es n\u2019est licite que si au moins l\u2019une des\nconditions suivantes est remplie:<\/p>\n\n\n\n<ul class=\"wp-block-list\"><li>La personne concern\u00e9e par les donn\u00e9es \u00e0 consenti au\ntraitement de celles-ci pour une ou plusieurs finalit\u00e9s sp\u00e9cifiques.<\/li><li>Le traitement des donn\u00e9es est n\u00e9cessaire \u00e0 l\u2019ex\u00e9cution\nd\u2019un contrat dont la personne concern\u00e9e est partie ou \u00e0 l\u2019ex\u00e9cution des mesures\npr\u00e9contractuelles prises \u00e0 la demande de celui-ci<\/li><li>Le traitement est n\u00e9cessaire \u00e0 la r\u00e9alisation d\u2019une\nobligation l\u00e9gale \u00e0 laquelle le responsable, Priscilla Monastra, est soumis.<\/li><li>Le traitement est n\u00e9cessaire \u00e0 la sauvegarde des int\u00e9r\u00eats\nvitaux de toute personne physique.<\/li><li>Le traitement est n\u00e9cessaire \u00e0 la r\u00e9alisation d\u2019une\nmission d\u2019int\u00e9r\u00eat public dont est investi Priscilla Monastra.<\/li><li>Les traitement est n\u00e9cessaire aux fins des int\u00e9r\u00eats\nl\u00e9gitimes poursuivis par le responsable du traitement ou par un tiers, \u00e0 moins\nque ne pr\u00e9valent les int\u00e9r\u00eats, libert\u00e9s ou droits fondamentaux de la personne\nconcern\u00e9e.<\/li><\/ul>\n\n\n\n<p><strong>III \/ Consentement<\/strong><strong><\/strong><\/p>\n\n\n\n<p>En\nutilisant le site http:\/\/www.consultech.be, les utilisateurs consentent \u00e0 :<\/p>\n\n\n\n<ul class=\"wp-block-list\"><li>Toutes les conditions incluses dans la pr\u00e9sente politique\nde confidentialit\u00e9 ;<\/li><li>La collecte, l\u2019utilisation et la conservation des donn\u00e9es\nlist\u00e9es dans la pr\u00e9sente politique de confidentialit\u00e9.<\/li><\/ul>\n\n\n\n<p><strong>IV \/ Donn\u00e9es personnelles collect\u00e9es<\/strong><strong><\/strong><\/p>\n\n\n\n<p>Lors\nde la navigation du site http:\/\/www.consultech.be diff\u00e9rentes donn\u00e9es personnelles\nau sujet des utilisateurs sont collect\u00e9es.<\/p>\n\n\n\n<p><strong>Les\ndonn\u00e9es suivantes sont collect\u00e9es de mani\u00e8re automatique :<\/strong><strong><\/strong><\/p>\n\n\n\n<p>&#8211; donn\u00e9es de navigation<\/p>\n\n\n\n<p>Aucune\ndonn\u00e9e suppl\u00e9mentaire n\u2019est collect\u00e9e sans vous en informer au pr\u00e9alable.<\/p>\n\n\n\n<p><strong>V \/ Traitement de ces donn\u00e9es<\/strong><strong><\/strong><\/p>\n\n\n\n<p>Les\ndonn\u00e9es personnelles recueillies sur le site http:\/\/www.consultech.be ne sont\ncollect\u00e9es et trait\u00e9es que dans le cadre des fins pr\u00e9cis\u00e9es dans la pr\u00e9sente\npolitique de confidentialit\u00e9 et \/ ou dans les pages pertinentes du site. Les\ndonn\u00e9es personnelles que nous collectons ne seront pas utilis\u00e9es \u00e0 d\u2019autres\nfins.<\/p>\n\n\n\n<p><strong>VI \/ Partage des donn\u00e9es personnelles recueillies<\/strong><strong><\/strong><\/p>\n\n\n\n<ul class=\"wp-block-list\"><li><strong>Employ\u00e9s<\/strong> : Nous pouvons ouvertement\ndivulguer les informations aux employ\u00e9s de l\u2019entreprise Priscilla Monastra dans la mesure o\u00f9 ceux-ci en ont besoin pour poursuivre\nla fin pr\u00e9vue dans cette politique<\/li><\/ul>\n\n\n\n<p>Par\nailleurs, les donn\u00e9es personnelles collect\u00e9es pourront \u00eatre partag\u00e9es :<\/p>\n\n\n\n<ul class=\"wp-block-list\"><li>Si l\u2019entreprise Priscilla Monastra y est contrainte par la\nloi<\/li><li>Si les informations sont requises pour toute proc\u00e9dure\njudiciaire<\/li><li>Afin de prot\u00e9ger les droits l\u00e9gaux de l\u2019entreprise Priscilla Monastra<\/li><\/ul>\n\n\n\n<p>En\ndehors des situations pr\u00e9vues dans cette pr\u00e9sente politique, les informations\npersonnelles ne seront en aucun cas divulgu\u00e9es ou partag\u00e9es \u00e0 des tiers.<\/p>\n\n\n\n<p><strong>VII \/ Stockage et protection des donn\u00e9es personnelles<\/strong><strong><\/strong><\/p>\n\n\n\n<p>L\u2019entreprise\nPriscilla\nMonastra ne conserve pas les donn\u00e9es personnelles plus longtemps que ce qui est\nn\u00e9cessaire \u00e0 la r\u00e9alisation des fins pour lesquelles elles sont collect\u00e9es.<\/p>\n\n\n\n<p>Afin\nde prot\u00e9ger ces donn\u00e9es, nous mettons en oeuvre les mesures suivantes :<\/p>\n\n\n\n<p><strong>VIII \/ Droits de l\u2019utilisateur<\/strong><strong><\/strong><\/p>\n\n\n\n<p>Conform\u00e9ment\nau chapitre 3, art 12-23 du RGPD, les utilisateurs du site http:\/\/www.consultech.be\nont, en ce qui concerne leurs donn\u00e9es personnelles, les droits suivants :<\/p>\n\n\n\n<ul class=\"wp-block-list\"><li>Droit d\u2019acc\u00e8s<\/li><li>Droit de rectification<\/li><li>Droit \u00e0 l\u2019effacement<\/li><li>Droit de restreindre le traitement<\/li><li>Droit \u00e0 la portabilit\u00e9 des donn\u00e9es<\/li><li>Droit d\u2019objection<\/li><\/ul>\n\n\n\n<p>Pour\nfaire valoir l\u2019un de ses droits, acc\u00e9der \u00e0 vos donn\u00e9es, les modifier ou les\nsupprimer d\u2019une quelconque mani\u00e8re, vous pouvez communiquer avec notre responsable via in&#x66;&#x6f;&#x40;co&#110;&#x73;&#x75;lt&#101;&#x63;&#x68;.b&#101;<\/p>\n\n\n\n<p><strong>IX \/ Politique au sujet des cookies<\/strong><strong><\/strong><\/p>\n\n\n\n<p>Un\ncookie est un fichier stock\u00e9 sur le disque dur d\u2019un utilisateur lorsqu\u2019il\nnavigue sur un site web. Ce cookie permet de mieux conna\u00eetre les donn\u00e9es\nrelatives aux habitudes de navigation de l\u2019utilisateur afin de lui proposer une\nmeilleure exp\u00e9rience d\u2019utilisation.<\/p>\n\n\n\n<p>Le\nsite http:\/\/www.consultech.be utilise les cookies de navigation.<\/p>\n\n\n\n<p>Conform\u00e9ment\nau RGPD, vous pouvez choisir d\u2019\u00eatre pr\u00e9venu \u00e0 chaque fois qu\u2019un cookie est\ncr\u00e9\u00e9, ou bien d\u00e9sactiver enti\u00e8rement la transmission de cookies par le site.<\/p>\n\n\n\n<p><strong>X<\/strong><strong> <\/strong><strong>\/ Dispositions suppl\u00e9mentaires<\/strong><strong><\/strong><\/p>\n\n\n\n<p>N\u00e9ant<\/p>\n\n\n\n<p><strong>XI \/ Modification de la politique de confidentialit\u00e9<\/strong><strong><\/strong><\/p>\n\n\n\n<p>Afin\nde rester en accord avec la loi ou de refl\u00e9ter tout changement dans notre\nprocessus de gestion des donn\u00e9es personnelles, la pr\u00e9sente politique de\nconfidentialit\u00e9 peut \u00eatre amen\u00e9e \u00e0 changer et \u00e0 \u00eatre modifi\u00e9e r\u00e9guli\u00e8rement. Il\nest recommand\u00e9 aux utilisateurs de v\u00e9rifier r\u00e9guli\u00e8rement cette politique afin\nde se tenir inform\u00e9s de notre politique en termes de collecte et de traitement\nde donn\u00e9es personnelles.<\/p>\n\n\n\n<p><strong>XII \/ Contact<\/strong><strong><\/strong><\/p>\n\n\n\n<p>Info @consultech.be<\/p>\n","protected":false},"excerpt":{"rendered":"<p>&nbsp;&nbsp;&nbsp;&nbsp;&nbsp;&nbsp;&nbsp;&nbsp; Politique de confidentialit\u00e9 du site http:\/\/www.consultech.be I \/ L\u2019objectif de la politique de confidentialit\u00e9 Cette politique de confidentialit\u00e9 est \u00e9tablie dans le but d\u2019informer les utilisateurs du site http:\/\/www.consultech.be, poss\u00e9d\u00e9 et<a class=\"moretag\" href=\"https:\/\/consultech.be\/fr\/politique-de-confidentialite\/\">Read More&#8230;<\/a><\/p>\n","protected":false},"author":2,"featured_media":0,"parent":0,"menu_order":0,"comment_status":"closed","ping_status":"closed","template":"","meta":{"_monsterinsights_skip_tracking":false,"_monsterinsights_sitenote_active":false,"_monsterinsights_sitenote_note":"","_monsterinsights_sitenote_category":0,"footnotes":""},"class_list":["post-153","page","type-page","status-publish","hentry"],"_links":{"self":[{"href":"https:\/\/consultech.be\/fr\/wp-json\/wp\/v2\/pages\/153","targetHints":{"allow":["GET"]}}],"collection":[{"href":"https:\/\/consultech.be\/fr\/wp-json\/wp\/v2\/pages"}],"about":[{"href":"https:\/\/consultech.be\/fr\/wp-json\/wp\/v2\/types\/page"}],"author":[{"embeddable":true,"href":"https:\/\/consultech.be\/fr\/wp-json\/wp\/v2\/users\/2"}],"replies":[{"embeddable":true,"href":"https:\/\/consultech.be\/fr\/wp-json\/wp\/v2\/comments?post=153"}],"version-history":[{"count":1,"href":"https:\/\/consultech.be\/fr\/wp-json\/wp\/v2\/pages\/153\/revisions"}],"predecessor-version":[{"id":154,"href":"https:\/\/consultech.be\/fr\/wp-json\/wp\/v2\/pages\/153\/revisions\/154"}],"wp:attachment":[{"href":"https:\/\/consultech.be\/fr\/wp-json\/wp\/v2\/media?parent=153"}],"curies":[{"name":"wp","href":"https:\/\/api.w.org\/{rel}","templated":true}]}}