{"id":68,"date":"2015-07-26T16:40:11","date_gmt":"2015-07-26T16:40:11","guid":{"rendered":"http:\/\/consultech.be\/fr\/?page_id=68"},"modified":"2025-04-04T10:43:38","modified_gmt":"2025-04-04T10:43:38","slug":"seminaires","status":"publish","type":"page","link":"http:\/\/consultech.be\/fr\/seminaires\/","title":{"rendered":"S\u00e9minaires"},"content":{"rendered":"<p style=\"text-align: justify;\">Soucieux de votre organisation, nous suivons en permanence des formations et sommes alertes aux actualit\u00e9s.<\/p>\n<p style=\"text-align: justify;\">Nous vous relayons ces informations au travers de s\u00e9minaires. Nous organisons \u00e9galement des formations pratiques pour vous aider \u00e0 la bonne gestion de votre entreprise.<\/p>\n<p style=\"text-align: justify;\">Nous regroupons les s\u00e9minaires par th\u00e8me et public cible pour plus de pertinence.<\/p>\n<p>C&rsquo;est toujours un moment convivial pour le r\u00e9seautage et les \u00e9changes de bonnes pratiques entre les clients!<\/p>\n<p>Soyez attentifs aux mails d&rsquo;invitation et aux r\u00e9seaux sociaux (Facebook, Linkedin) pour les actualit\u00e9s.<\/p>\n<p style=\"text-align: justify;\">\n","protected":false},"excerpt":{"rendered":"<p>Soucieux de votre organisation, nous suivons en permanence des formations et sommes alertes aux actualit\u00e9s. Nous vous relayons ces informations au travers de s\u00e9minaires. Nous organisons \u00e9galement des formations pratiques pour vous<a class=\"moretag\" href=\"http:\/\/consultech.be\/fr\/seminaires\/\">Read More&#8230;<\/a><\/p>\n","protected":false},"author":2,"featured_media":0,"parent":0,"menu_order":0,"comment_status":"closed","ping_status":"open","template":"","meta":{"_monsterinsights_skip_tracking":false,"_monsterinsights_sitenote_active":false,"_monsterinsights_sitenote_note":"","_monsterinsights_sitenote_category":0,"footnotes":""},"class_list":["post-68","page","type-page","status-publish","hentry"],"_links":{"self":[{"href":"http:\/\/consultech.be\/fr\/wp-json\/wp\/v2\/pages\/68","targetHints":{"allow":["GET"]}}],"collection":[{"href":"http:\/\/consultech.be\/fr\/wp-json\/wp\/v2\/pages"}],"about":[{"href":"http:\/\/consultech.be\/fr\/wp-json\/wp\/v2\/types\/page"}],"author":[{"embeddable":true,"href":"http:\/\/consultech.be\/fr\/wp-json\/wp\/v2\/users\/2"}],"replies":[{"embeddable":true,"href":"http:\/\/consultech.be\/fr\/wp-json\/wp\/v2\/comments?post=68"}],"version-history":[{"count":2,"href":"http:\/\/consultech.be\/fr\/wp-json\/wp\/v2\/pages\/68\/revisions"}],"predecessor-version":[{"id":183,"href":"http:\/\/consultech.be\/fr\/wp-json\/wp\/v2\/pages\/68\/revisions\/183"}],"wp:attachment":[{"href":"http:\/\/consultech.be\/fr\/wp-json\/wp\/v2\/media?parent=68"}],"curies":[{"name":"wp","href":"https:\/\/api.w.org\/{rel}","templated":true}]}}