{"id":39,"date":"2015-07-26T12:58:45","date_gmt":"2015-07-26T12:58:45","guid":{"rendered":"http:\/\/consultech.be\/fr\/?page_id=39"},"modified":"2024-02-01T17:55:32","modified_gmt":"2024-02-01T17:55:32","slug":"services","status":"publish","type":"page","link":"http:\/\/consultech.be\/fr\/services\/","title":{"rendered":"Nos services"},"content":{"rendered":"<h2><span style=\"color: #333399;\">Comptabilit\u00e9<\/span><\/h2>\n<p>Nous nous chargeons d&rsquo;honorer vos obligations comptables de fa\u00e7on moderne.<\/p>\n<p>Votre comptabilit\u00e9 g\u00e9n\u00e9rale est tenue sur une plateforme s\u00e9curis\u00e9e en ligne. Vous avez votre comptable en poche gr\u00e2ce \u00e0 l&rsquo;application Falco by Horus pour nous transmettre vos documents ais\u00e9ment. L&rsquo;encodage est ainsi facilit\u00e9 et nous pouvons nous concentrer sur le suivi r\u00e9gulier de votre entreprise par le biais de situations provisoires en cours d&rsquo;ann\u00e9e. De cette mani\u00e8re, nous pouvons ensemble ajuster votre activit\u00e9 en cours d&rsquo;ann\u00e9e afin de ne pas avoir de surprise. Vous pilotez ainsi votre entreprise de la mani\u00e8re la plus professionnelle possible!<\/p>\n<h2><span style=\"color: #333399;\">Fiscalit\u00e9<\/span><\/h2>\n<p>En plus d&rsquo;honorer vos obligations fiscales telles que:<\/p>\n<p>&#8211; Les d\u00e9clarations \u00e0 la TVA;<\/p>\n<p>&#8211; Les d\u00e9clarations fiscales en personne physique;<\/p>\n<p>&#8211; Si vous \u00eates en soci\u00e9t\u00e9, les d\u00e9claration \u00e0 l&rsquo;imp\u00f4ts des soci\u00e9t\u00e9s;<\/p>\n<p>&#8211; &#8230;<\/p>\n<p>Nous vous assistons lors de contr\u00f4les fiscaux. Nous r\u00e9pondons \u00e0 l&rsquo;Administration en cas de demandes compl\u00e9mentaires mais aussi nous vous prodiguons de pr\u00e9cieux conseils sur les mati\u00e8res fiscales.<\/p>\n<p>Notre \u00e9quipe reste \u00e0 l&rsquo;affut des actualit\u00e9s fiscales et se forme en permanence afin de vous aiguiller au mieux dans votre activit\u00e9!<\/p>\n<h2><span style=\"color: #333399;\">Formalit\u00e9s administratives<\/span><\/h2>\n<p>Nous vous accompagnons dans diverses formalit\u00e9s administratives telles que:<\/p>\n<p>&#8211; vous devez engager du personnel et souhaitez faire appel \u00e0 des aides en tant qu&#8217;employeur;<\/p>\n<p>&#8211; vous \u00eates dans l&rsquo;Horeca, vous devez rentrer des d\u00e9clarations \u00e0 l&rsquo;Afsca;<\/p>\n<p>&#8211; &#8230;.<\/p>\n<h2><span style=\"color: #333399;\">Cr\u00e9ation d&rsquo;entreprise<\/span><\/h2>\n<p>Que vous soyez d\u00e9butant ou confirm\u00e9, nous vous assistons d\u00e8s le d\u00e9but de la cr\u00e9ation de votre activit\u00e9 et nous vous conseillons au mieux. Business plan avec plan financier, conseil sur la forme juridique \u00e0 adopter, marche \u00e0 suivre: nous sommes avec vous pour le lancement de votre entreprise!<\/p>\n<h2><span style=\"color: #333399;\">Conseils en gestion d&rsquo;entreprise<\/span><\/h2>\n<p>Nous vous conseillons et apportons des outils afin de piloter au mieux votre entreprise. Conseils en mati\u00e8re de gestion de caisse, module de facturation\/devis&#8230;<\/p>\n<p>Nous vous accompagnons et vous formons \u00e0 \u00eatre un entrepreneur averti afin de vous permettre de grandir sereinement au sein de votre entreprise.<\/p>\n<div style=\"width: 500px; height: 500px; padding-bottom: 30px;\"><script src=\"http:\/\/cdn.tagul.com\/embed\/urzntzgus67e\"><\/script><\/div>\n","protected":false},"excerpt":{"rendered":"<p>Comptabilit\u00e9 Nous nous chargeons d&rsquo;honorer vos obligations comptables de fa\u00e7on moderne. Votre comptabilit\u00e9 g\u00e9n\u00e9rale est tenue sur une plateforme s\u00e9curis\u00e9e en ligne. Vous avez votre comptable en poche gr\u00e2ce \u00e0 l&rsquo;application Falco<a class=\"moretag\" href=\"http:\/\/consultech.be\/fr\/services\/\">Read More&#8230;<\/a><\/p>\n","protected":false},"author":1,"featured_media":0,"parent":0,"menu_order":0,"comment_status":"closed","ping_status":"open","template":"","meta":{"_monsterinsights_skip_tracking":false,"_monsterinsights_sitenote_active":false,"_monsterinsights_sitenote_note":"","_monsterinsights_sitenote_category":0,"footnotes":""},"class_list":["post-39","page","type-page","status-publish","hentry"],"_links":{"self":[{"href":"http:\/\/consultech.be\/fr\/wp-json\/wp\/v2\/pages\/39","targetHints":{"allow":["GET"]}}],"collection":[{"href":"http:\/\/consultech.be\/fr\/wp-json\/wp\/v2\/pages"}],"about":[{"href":"http:\/\/consultech.be\/fr\/wp-json\/wp\/v2\/types\/page"}],"author":[{"embeddable":true,"href":"http:\/\/consultech.be\/fr\/wp-json\/wp\/v2\/users\/1"}],"replies":[{"embeddable":true,"href":"http:\/\/consultech.be\/fr\/wp-json\/wp\/v2\/comments?post=39"}],"version-history":[{"count":8,"href":"http:\/\/consultech.be\/fr\/wp-json\/wp\/v2\/pages\/39\/revisions"}],"predecessor-version":[{"id":171,"href":"http:\/\/consultech.be\/fr\/wp-json\/wp\/v2\/pages\/39\/revisions\/171"}],"wp:attachment":[{"href":"http:\/\/consultech.be\/fr\/wp-json\/wp\/v2\/media?parent=39"}],"curies":[{"name":"wp","href":"https:\/\/api.w.org\/{rel}","templated":true}]}}